{"id":2481,"date":"2024-10-16T16:22:14","date_gmt":"2024-10-16T14:22:14","guid":{"rendered":"https:\/\/www.isarnet.de\/workshops\/workshop-quality-of-service\/"},"modified":"2024-10-16T16:23:11","modified_gmt":"2024-10-16T14:23:11","slug":"workshop-quality-of-service","status":"publish","type":"page","link":"https:\/\/www.isarnet.de\/en\/workshops\/workshop-quality-of-service\/","title":{"rendered":"Workshop Quality of Service"},"content":{"rendered":"<div id='farbteiler'  class='av-layout-grid-container av-1hbde5-cadf623e52938f58080cc74809e1fb27 entry-content-wrapper main_color av-fixed-cells  avia-builder-el-0  el_before_av_layout_row  avia-builder-el-first   container_wrap fullsize'  >\n\n<style type=\"text\/css\" data-created_by=\"avia_inline_auto\" id=\"style-css-av-4ojat-f8b4f3dbee08e95bf3c1d5d99326b790\">\n.flex_cell.av-4ojat-f8b4f3dbee08e95bf3c1d5d99326b790{\nvertical-align:top;\nheight:15px;\nmin-height:15px;\nbackground-color:#163e64;\n}\n.responsive #top #wrap_all .flex_cell.av-4ojat-f8b4f3dbee08e95bf3c1d5d99326b790{\npadding:0px 0px 0px 0px !important;\n}\n<\/style>\n<div class='flex_cell av-4ojat-f8b4f3dbee08e95bf3c1d5d99326b790 av-gridrow-cell av_one_fourth no_margin  avia-builder-el-1  el_before_av_cell_one_fourth  avia-builder-el-first  content-align-top av-zero-padding'  ><div class='flex_cell_inner'><\/div><\/div>\n<style type=\"text\/css\" data-created_by=\"avia_inline_auto\" id=\"style-css-av-11k3bp-9fbb8ce35a032ca139e55fee8e3a2ee0\">\n.flex_cell.av-11k3bp-9fbb8ce35a032ca139e55fee8e3a2ee0{\nvertical-align:top;\nheight:15px;\nmin-height:15px;\nbackground-color:#215f9a;\n}\n.responsive #top #wrap_all .flex_cell.av-11k3bp-9fbb8ce35a032ca139e55fee8e3a2ee0{\npadding:0px 0px 0px 0px !important;\n}\n<\/style>\n<div class='flex_cell av-11k3bp-9fbb8ce35a032ca139e55fee8e3a2ee0 av-gridrow-cell av_one_fourth no_margin  avia-builder-el-2  el_after_av_cell_one_fourth  el_before_av_cell_one_fourth  content-align-top av-zero-padding'  ><div class='flex_cell_inner'><\/div><\/div>\n<style type=\"text\/css\" data-created_by=\"avia_inline_auto\" id=\"style-css-av-ydm6l-eab62ca56af6d835d13351d6ede773b9\">\n.flex_cell.av-ydm6l-eab62ca56af6d835d13351d6ede773b9{\nvertical-align:top;\nheight:15px;\nmin-height:15px;\nbackground-color:#4e95d9;\n}\n.responsive #top #wrap_all .flex_cell.av-ydm6l-eab62ca56af6d835d13351d6ede773b9{\npadding:0px 0px 0px 0px !important;\n}\n<\/style>\n<div class='flex_cell av-ydm6l-eab62ca56af6d835d13351d6ede773b9 av-gridrow-cell av_one_fourth no_margin  avia-builder-el-3  el_after_av_cell_one_fourth  el_before_av_cell_one_fourth  content-align-top av-zero-padding'  ><div class='flex_cell_inner'><\/div><\/div>\n<style type=\"text\/css\" data-created_by=\"avia_inline_auto\" id=\"style-css-av-onwod-f472860b599b5a2532a5fd49e8281d21\">\n.flex_cell.av-onwod-f472860b599b5a2532a5fd49e8281d21{\nvertical-align:top;\nheight:15px;\nmin-height:15px;\nbackground-color:#a6caec;\n}\n.responsive #top #wrap_all .flex_cell.av-onwod-f472860b599b5a2532a5fd49e8281d21{\npadding:0px 0px 0px 0px !important;\n}\n<\/style>\n<div class='flex_cell av-onwod-f472860b599b5a2532a5fd49e8281d21 av-gridrow-cell av_one_fourth no_margin  avia-builder-el-4  el_after_av_cell_one_fourth  avia-builder-el-last  content-align-top av-zero-padding'  ><div class='flex_cell_inner'><\/div><\/div>\n<\/div>\n<div id='av-layout-grid-2'  class='av-layout-grid-container av-lm0np-bea8c98ed9fd72bd96c894f05bb4c0a9 entry-content-wrapper main_color av-flex-cells  avia-builder-el-5  el_after_av_layout_row  avia-builder-el-last  grid-row-not-first  container_wrap fullsize'  >\n\n<style type=\"text\/css\" data-created_by=\"avia_inline_auto\" id=\"style-css-av-e5dd1-641c668f379ecb6c071a2566fbf9d4fd\">\n.flex_cell.av-e5dd1-641c668f379ecb6c071a2566fbf9d4fd{\nvertical-align:top;\nheight:300px;\nmin-height:300px;\n}\n<\/style>\n<div class='flex_cell av-e5dd1-641c668f379ecb6c071a2566fbf9d4fd av-gridrow-cell av_one_half no_margin  avia-builder-el-6  el_before_av_cell_one_half  avia-builder-el-first  content-align-top'  ><div class='flex_cell_inner'>\n<style type=\"text\/css\" data-created_by=\"avia_inline_auto\" id=\"style-css-av-bea8d-879d54e70dc41f0dd713e086f614d1f7\">\n.flex_column.av-bea8d-879d54e70dc41f0dd713e086f614d1f7{\npadding:10px 0 0 100px;\n}\n\n@media only screen and (min-width: 990px){ \n.flex_column.av-bea8d-879d54e70dc41f0dd713e086f614d1f7{\npadding:10px 0 0 100px;\n}\n}\n\n@media only screen and (min-width: 768px) and (max-width: 989px){ \n.flex_column.av-bea8d-879d54e70dc41f0dd713e086f614d1f7{\npadding:10px 0 0 25px;\n}\n}\n\n@media only screen and (min-width: 480px) and (max-width: 767px){ \n.flex_column.av-bea8d-879d54e70dc41f0dd713e086f614d1f7{\npadding:10px 0 0 20px;\n}\n}\n\n@media only screen and (max-width: 479px){ \n.flex_column.av-bea8d-879d54e70dc41f0dd713e086f614d1f7{\npadding:10px 0 0 10px;\n}\n}\n<\/style>\n<div  class='flex_column av-bea8d-879d54e70dc41f0dd713e086f614d1f7 av_one_full  avia-builder-el-7  avia-builder-el-no-sibling  first flex_column_div  '     ><p>\n<style type=\"text\/css\" data-created_by=\"avia_inline_auto\" id=\"style-css-av-m2byknvy-2a34542577d43928002a217f29ff52b1\">\n#top .av-special-heading.av-m2byknvy-2a34542577d43928002a217f29ff52b1{\npadding-bottom:10px;\n}\nbody .av-special-heading.av-m2byknvy-2a34542577d43928002a217f29ff52b1 .av-special-heading-tag .heading-char{\nfont-size:25px;\n}\n.av-special-heading.av-m2byknvy-2a34542577d43928002a217f29ff52b1 .av-subheading{\nfont-size:15px;\n}\n<\/style>\n<div  class='av-special-heading av-m2byknvy-2a34542577d43928002a217f29ff52b1 av-special-heading-h2 blockquote modern-quote  avia-builder-el-8  el_before_av_textblock  avia-builder-el-first '><h2 class='av-special-heading-tag '  itemprop=\"headline\"  >Workshop Quality of Service (QoS)<\/h2><div class=\"special-heading-border\"><div class=\"special-heading-inner-border\"><\/div><\/div><\/div><br \/>\n<section  class='av_textblock_section av-m2byku5b-7271cbd9288c41664ab9c6eb7be4a349 '   itemscope=\"itemscope\" itemtype=\"https:\/\/schema.org\/CreativeWork\" ><div class='avia_textblock'  itemprop=\"text\" ><p>The growing need for more bandwidth and the use of new services is making ever-greater demands on networks. &#8220;Mission Critical&#8221;- and Multimedia Applications such as Voice and Video need a different kind of handling than is possible in traditional &#8220;Best-Effort&#8221; data networks. Through the implementation of QoS it is possible to control bandwidths intelligently and to guarantee that the demands of the applications are met, primarily in the WAN range.<br \/>\nThe workshop Quality of Service explains in detail about which technologies there are and where the different approaches can optimally be used.  <\/p>\n<h6><b>Contents:<\/b><\/h6>\n<ul>\n<li>Basics \/ Diff-Serv vs. Int-Serv<\/li>\n<li>QoS Basics (Token Bucket, Packet Switching, Jitter &amp; Delay, RTP)<\/li>\n<li>Diff-Serv Architecture<\/li>\n<li>Modular QoS CLI<\/li>\n<li>Classification \/ Marking \/ Metering (PBR, CAR, Class-based, NBAR)<\/li>\n<li>Policing \/ Shaping (CAR, Class-based, GTS)<\/li>\n<li>Per Hop Behaviour (PHB) Congestion Avoidance &amp; Management<\/li>\n<li>Hierarchical Queueing Framework (HQF)<\/li>\n<li>Catalyst QoS<\/li>\n<li>Optimizing Voice over IP Services<\/li>\n<li>Connecting IP Phones<\/li>\n<li>Optional:<br \/>\nQoS in MPLS Networks Overview (Class of Service, Traffic Engineering)<\/li>\n<\/ul>\n<h6><b>Length of the workshop and required knowledge:<\/b><\/h6>\n<p>Der Workshop ist f\u00fcr eine Dauer von 5 Tagen ausgelegt, ein Schwerpunkt liegt auf den praktischen \u00dcbungen. Eine individuelle Anpassung an Ihre Anforderung ist selbstverst\u00e4ndlich m\u00f6glich.<br \/>\nDie Teilnehmer sollten detaillierte Kenntnisse und Erfahrungen in TCP\/IP Internetworking und IGP Routing (z.B. RIP, OSPF, EIGRP) haben. (Kenntnisse in MPLS, IS-IS und BGP\/4 entsprechend Kundenanforderungen)<\/p>\n<\/div><\/section><\/p><\/div>\n<\/div><\/div>\n<style type=\"text\/css\" data-created_by=\"avia_inline_auto\" id=\"style-css-av-m2byl7fs-94722d142780d764daa2af70e56dc945\">\n.flex_cell.av-m2byl7fs-94722d142780d764daa2af70e56dc945{\nvertical-align:top;\nheight:300px;\nmin-height:300px;\nbackground:url(https:\/\/www.isarnet.de\/wp-content\/uploads\/2024\/04\/Tunnel_1680.jpg) 50% 50% no-repeat scroll ;\n}\n<\/style>\n<div class='flex_cell av-m2byl7fs-94722d142780d764daa2af70e56dc945 av-gridrow-cell av_one_half no_margin  avia-builder-el-10  el_after_av_cell_one_half  avia-builder-el-last  content-align-top avia-full-stretch'  ><div class='flex_cell_inner'><\/div><\/div><\/div>\n","protected":false},"excerpt":{"rendered":"","protected":false},"author":1,"featured_media":0,"parent":2435,"menu_order":110,"comment_status":"closed","ping_status":"closed","template":"","meta":{"footnotes":""},"class_list":["post-2481","page","type-page","status-publish","hentry"],"yoast_head":"<!-- This site is optimized with the Yoast SEO plugin v27.1.1 - https:\/\/yoast.com\/product\/yoast-seo-wordpress\/ -->\n<title>Workshop Quality of Service - IsarNet AG<\/title>\n<meta name=\"robots\" content=\"index, follow, max-snippet:-1, max-image-preview:large, max-video-preview:-1\" \/>\n<link rel=\"canonical\" href=\"https:\/\/www.isarnet.de\/en\/workshops\/workshop-quality-of-service\/\" \/>\n<meta property=\"og:locale\" content=\"en_US\" \/>\n<meta property=\"og:type\" content=\"article\" \/>\n<meta property=\"og:title\" content=\"Workshop Quality of Service - IsarNet AG\" \/>\n<meta property=\"og:url\" content=\"https:\/\/www.isarnet.de\/en\/workshops\/workshop-quality-of-service\/\" \/>\n<meta property=\"og:site_name\" content=\"IsarNet AG\" \/>\n<meta property=\"article:modified_time\" content=\"2024-10-16T14:23:11+00:00\" \/>\n<meta name=\"twitter:card\" content=\"summary_large_image\" \/>\n<meta name=\"twitter:label1\" content=\"Est. reading time\" \/>\n\t<meta name=\"twitter:data1\" content=\"9 minutes\" \/>\n<script type=\"application\/ld+json\" class=\"yoast-schema-graph\">{\"@context\":\"https:\/\/schema.org\",\"@graph\":[{\"@type\":\"WebPage\",\"@id\":\"https:\/\/www.isarnet.de\/en\/workshops\/workshop-quality-of-service\/\",\"url\":\"https:\/\/www.isarnet.de\/en\/workshops\/workshop-quality-of-service\/\",\"name\":\"Workshop Quality of Service - IsarNet AG\",\"isPartOf\":{\"@id\":\"https:\/\/www.isarnet.de\/en\/#website\"},\"datePublished\":\"2024-10-16T14:22:14+00:00\",\"dateModified\":\"2024-10-16T14:23:11+00:00\",\"breadcrumb\":{\"@id\":\"https:\/\/www.isarnet.de\/en\/workshops\/workshop-quality-of-service\/#breadcrumb\"},\"inLanguage\":\"en-US\",\"potentialAction\":[{\"@type\":\"ReadAction\",\"target\":[\"https:\/\/www.isarnet.de\/en\/workshops\/workshop-quality-of-service\/\"]}]},{\"@type\":\"BreadcrumbList\",\"@id\":\"https:\/\/www.isarnet.de\/en\/workshops\/workshop-quality-of-service\/#breadcrumb\",\"itemListElement\":[{\"@type\":\"ListItem\",\"position\":1,\"name\":\"Startseite\",\"item\":\"https:\/\/www.isarnet.de\/en\/home\/\"},{\"@type\":\"ListItem\",\"position\":2,\"name\":\"Workshops\",\"item\":\"https:\/\/www.isarnet.de\/en\/workshops\/\"},{\"@type\":\"ListItem\",\"position\":3,\"name\":\"Workshop Quality of Service\"}]},{\"@type\":\"WebSite\",\"@id\":\"https:\/\/www.isarnet.de\/en\/#website\",\"url\":\"https:\/\/www.isarnet.de\/en\/\",\"name\":\"IsarNet AG\",\"description\":\"Professional Networking\",\"publisher\":{\"@id\":\"https:\/\/www.isarnet.de\/en\/#organization\"},\"potentialAction\":[{\"@type\":\"SearchAction\",\"target\":{\"@type\":\"EntryPoint\",\"urlTemplate\":\"https:\/\/www.isarnet.de\/en\/?s={search_term_string}\"},\"query-input\":{\"@type\":\"PropertyValueSpecification\",\"valueRequired\":true,\"valueName\":\"search_term_string\"}}],\"inLanguage\":\"en-US\"},{\"@type\":\"Organization\",\"@id\":\"https:\/\/www.isarnet.de\/en\/#organization\",\"name\":\"IsarNet AG\",\"url\":\"https:\/\/www.isarnet.de\/en\/\",\"logo\":{\"@type\":\"ImageObject\",\"inLanguage\":\"en-US\",\"@id\":\"https:\/\/www.isarnet.de\/en\/#\/schema\/logo\/image\/\",\"url\":\"https:\/\/www.isarnet.de\/wp-content\/uploads\/2024\/03\/IsarNet_AG_300.png\",\"contentUrl\":\"https:\/\/www.isarnet.de\/wp-content\/uploads\/2024\/03\/IsarNet_AG_300.png\",\"width\":300,\"height\":127,\"caption\":\"IsarNet AG\"},\"image\":{\"@id\":\"https:\/\/www.isarnet.de\/en\/#\/schema\/logo\/image\/\"}}]}<\/script>\n<!-- \/ Yoast SEO plugin. -->","yoast_head_json":{"title":"Workshop Quality of Service - IsarNet AG","robots":{"index":"index","follow":"follow","max-snippet":"max-snippet:-1","max-image-preview":"max-image-preview:large","max-video-preview":"max-video-preview:-1"},"canonical":"https:\/\/www.isarnet.de\/en\/workshops\/workshop-quality-of-service\/","og_locale":"en_US","og_type":"article","og_title":"Workshop Quality of Service - IsarNet AG","og_url":"https:\/\/www.isarnet.de\/en\/workshops\/workshop-quality-of-service\/","og_site_name":"IsarNet AG","article_modified_time":"2024-10-16T14:23:11+00:00","twitter_card":"summary_large_image","twitter_misc":{"Est. reading time":"9 minutes"},"schema":{"@context":"https:\/\/schema.org","@graph":[{"@type":"WebPage","@id":"https:\/\/www.isarnet.de\/en\/workshops\/workshop-quality-of-service\/","url":"https:\/\/www.isarnet.de\/en\/workshops\/workshop-quality-of-service\/","name":"Workshop Quality of Service - IsarNet AG","isPartOf":{"@id":"https:\/\/www.isarnet.de\/en\/#website"},"datePublished":"2024-10-16T14:22:14+00:00","dateModified":"2024-10-16T14:23:11+00:00","breadcrumb":{"@id":"https:\/\/www.isarnet.de\/en\/workshops\/workshop-quality-of-service\/#breadcrumb"},"inLanguage":"en-US","potentialAction":[{"@type":"ReadAction","target":["https:\/\/www.isarnet.de\/en\/workshops\/workshop-quality-of-service\/"]}]},{"@type":"BreadcrumbList","@id":"https:\/\/www.isarnet.de\/en\/workshops\/workshop-quality-of-service\/#breadcrumb","itemListElement":[{"@type":"ListItem","position":1,"name":"Startseite","item":"https:\/\/www.isarnet.de\/en\/home\/"},{"@type":"ListItem","position":2,"name":"Workshops","item":"https:\/\/www.isarnet.de\/en\/workshops\/"},{"@type":"ListItem","position":3,"name":"Workshop Quality of Service"}]},{"@type":"WebSite","@id":"https:\/\/www.isarnet.de\/en\/#website","url":"https:\/\/www.isarnet.de\/en\/","name":"IsarNet AG","description":"Professional Networking","publisher":{"@id":"https:\/\/www.isarnet.de\/en\/#organization"},"potentialAction":[{"@type":"SearchAction","target":{"@type":"EntryPoint","urlTemplate":"https:\/\/www.isarnet.de\/en\/?s={search_term_string}"},"query-input":{"@type":"PropertyValueSpecification","valueRequired":true,"valueName":"search_term_string"}}],"inLanguage":"en-US"},{"@type":"Organization","@id":"https:\/\/www.isarnet.de\/en\/#organization","name":"IsarNet AG","url":"https:\/\/www.isarnet.de\/en\/","logo":{"@type":"ImageObject","inLanguage":"en-US","@id":"https:\/\/www.isarnet.de\/en\/#\/schema\/logo\/image\/","url":"https:\/\/www.isarnet.de\/wp-content\/uploads\/2024\/03\/IsarNet_AG_300.png","contentUrl":"https:\/\/www.isarnet.de\/wp-content\/uploads\/2024\/03\/IsarNet_AG_300.png","width":300,"height":127,"caption":"IsarNet AG"},"image":{"@id":"https:\/\/www.isarnet.de\/en\/#\/schema\/logo\/image\/"}}]}},"_links":{"self":[{"href":"https:\/\/www.isarnet.de\/en\/wp-json\/wp\/v2\/pages\/2481","targetHints":{"allow":["GET"]}}],"collection":[{"href":"https:\/\/www.isarnet.de\/en\/wp-json\/wp\/v2\/pages"}],"about":[{"href":"https:\/\/www.isarnet.de\/en\/wp-json\/wp\/v2\/types\/page"}],"author":[{"embeddable":true,"href":"https:\/\/www.isarnet.de\/en\/wp-json\/wp\/v2\/users\/1"}],"replies":[{"embeddable":true,"href":"https:\/\/www.isarnet.de\/en\/wp-json\/wp\/v2\/comments?post=2481"}],"version-history":[{"count":4,"href":"https:\/\/www.isarnet.de\/en\/wp-json\/wp\/v2\/pages\/2481\/revisions"}],"predecessor-version":[{"id":2487,"href":"https:\/\/www.isarnet.de\/en\/wp-json\/wp\/v2\/pages\/2481\/revisions\/2487"}],"up":[{"embeddable":true,"href":"https:\/\/www.isarnet.de\/en\/wp-json\/wp\/v2\/pages\/2435"}],"wp:attachment":[{"href":"https:\/\/www.isarnet.de\/en\/wp-json\/wp\/v2\/media?parent=2481"}],"curies":[{"name":"wp","href":"https:\/\/api.w.org\/{rel}","templated":true}]}}